{"id":4351,"date":"2025-08-27T12:35:58","date_gmt":"2025-08-27T11:35:58","guid":{"rendered":"https:\/\/yanilink.com\/?post_type=product&#038;p=4351"},"modified":"2025-09-20T01:17:52","modified_gmt":"2025-09-20T00:17:52","slug":"maquette-psd-sachet-doypack-aluminium","status":"publish","type":"product","link":"https:\/\/yanilink.com\/fr_fr\/produit\/maquette-psd-sachet-doypack-aluminium","title":{"rendered":"MAQUETTE PSD DE SACHET DOYPACK EN ALLUMINIEUM"},"content":{"rendered":"<p><span dir=\"auto\">Pack PSD de maquettes de sachets Doypack en aluminium\u00a0<\/span><\/p>\n<p><span dir=\"auto\"> Les trois \u00e9chantillons pr\u00e9sentent un sachet en aluminium vertical avec bouchon verseur. Ce sachet pr\u00e9sente des d\u00e9tails raffin\u00e9s et une texture aluminium \u00e9l\u00e9gante. La vue de face d&rsquo;un mod\u00e8le met en valeur son design minimaliste et sa finition brillante. Une autre maquette montre le sachet vu de c\u00f4t\u00e9 et met en valeur le bouchon verseur. Le troisi\u00e8me mod\u00e8le offre un angle diff\u00e9rent, mettant en valeur les courbes douces du sachet et la qualit\u00e9 de son aluminium. Artistes, marketeurs et d\u00e9taillants peuvent pr\u00e9senter leurs id\u00e9es d&#8217;emballage gr\u00e2ce \u00e0 cette collection PSD. Les mod\u00e8les sont plus convaincants gr\u00e2ce \u00e0 leur texture et leurs ombres r\u00e9alistes. Ils aideront les utilisateurs \u00e0 cr\u00e9er de superbes pr\u00e9sentations <\/span><a href=\"https:\/\/mockupfree.co\/food-drink\/\"><span dir=\"auto\">culinaires<\/span><\/a><span dir=\"auto\">\u00a0et visuels marketing. Point important\u00a0: les trois \u00e9chantillons sont faciles \u00e0 modifier dans Photoshop.<\/span><\/p>\n<p>&nbsp;<\/p>\n<p>&nbsp;<\/p>\n<p>NB :<span dir=\"auto\">Pour utiliser ce mod\u00e8le de maquette PSD, vous avez besoin\u00a0<\/span><span class=\"url\"><span dir=\"auto\">d&rsquo;Adobe Photoshop<\/span><\/span><\/p>\n\n    <div class=\"xs_social_share_widget xs_share_url after_content \t\tmain_content  wslu-style-1 wslu-share-box-shaped wslu-fill-colored wslu-none wslu-share-horizontal wslu-theme-font-no wslu-main_content\">\n\n\t\t\n        <ul>\n\t\t\t        <\/ul>\n    <\/div> \n","protected":false},"excerpt":{"rendered":"<p>Maquette PSD r\u00e9aliste de sachet Doypack en aluminium, id\u00e9ale pour pr\u00e9senter vos designs de packaging alimentaire, cosm\u00e9tique ou autres produits de mani\u00e8re professionnelle et moderne.<\/p>\n","protected":false},"featured_media":4366,"template":"","meta":{"postBodyCss":"","postBodyMargin":[],"postBodyPadding":[],"postBodyBackground":{"backgroundType":"classic","gradient":""},"site-sidebar-layout":"default","site-content-layout":"","ast-site-content-layout":"default","site-content-style":"default","site-sidebar-style":"default","ast-global-header-display":"","ast-banner-title-visibility":"","ast-main-header-display":"","ast-hfb-above-header-display":"","ast-hfb-below-header-display":"","ast-hfb-mobile-header-display":"","site-post-title":"","ast-breadcrumbs-content":"","ast-featured-img":"","footer-sml-layout":"","ast-disable-related-posts":"","theme-transparent-header-meta":"default","adv-header-id-meta":"","stick-header-meta":"","header-above-stick-meta":"","header-main-stick-meta":"","header-below-stick-meta":"","astra-migrate-meta-layouts":"set","ast-page-background-enabled":"default","ast-page-background-meta":{"desktop":{"background-color":"var(--ast-global-color-4)","background-image":"","background-repeat":"repeat","background-position":"center center","background-size":"auto","background-attachment":"scroll","background-type":"","background-media":"","overlay-type":"","overlay-color":"","overlay-opacity":"","overlay-gradient":""},"tablet":{"background-color":"","background-image":"","background-repeat":"repeat","background-position":"center center","background-size":"auto","background-attachment":"scroll","background-type":"","background-media":"","overlay-type":"","overlay-color":"","overlay-opacity":"","overlay-gradient":""},"mobile":{"background-color":"","background-image":"","background-repeat":"repeat","background-position":"center center","background-size":"auto","background-attachment":"scroll","background-type":"","background-media":"","overlay-type":"","overlay-color":"","overlay-opacity":"","overlay-gradient":""}},"ast-content-background-meta":{"desktop":{"background-color":"var(--ast-global-color-5)","background-image":"","background-repeat":"repeat","background-position":"center center","background-size":"auto","background-attachment":"scroll","background-type":"","background-media":"","overlay-type":"","overlay-color":"","overlay-opacity":"","overlay-gradient":""},"tablet":{"background-color":"var(--ast-global-color-5)","background-image":"","background-repeat":"repeat","background-position":"center center","background-size":"auto","background-attachment":"scroll","background-type":"","background-media":"","overlay-type":"","overlay-color":"","overlay-opacity":"","overlay-gradient":""},"mobile":{"background-color":"var(--ast-global-color-5)","background-image":"","background-repeat":"repeat","background-position":"center center","background-size":"auto","background-attachment":"scroll","background-type":"","background-media":"","overlay-type":"","overlay-color":"","overlay-opacity":"","overlay-gradient":""}}},"product_brand":[],"product_cat":[81],"product_tag":[212,210,206,209,214,211,215,207,213,208],"class_list":{"0":"post-4351","1":"product","2":"type-product","3":"status-publish","4":"has-post-thumbnail","6":"product_cat-template","7":"product_tag-design-packaging","8":"product_tag-emballage-produit","9":"product_tag-maquette-doypack","10":"product_tag-maquette-packaging","11":"product_tag-maquette-produit","12":"product_tag-mockup-alimentaire","13":"product_tag-mockup-psd","14":"product_tag-packaging-aluminium","15":"product_tag-sachet-aluminium","16":"product_tag-sachet-mockup","17":"desktop-align-left","18":"tablet-align-left","19":"mobile-align-left","21":"first","22":"instock","23":"sale","24":"downloadable","25":"virtual","26":"purchasable","27":"product-type-simple"},"aioseo_notices":[],"jetpack_sharing_enabled":true,"_links":{"self":[{"href":"https:\/\/yanilink.com\/fr_fr\/wp-json\/wp\/v2\/product\/4351","targetHints":{"allow":["GET"]}}],"collection":[{"href":"https:\/\/yanilink.com\/fr_fr\/wp-json\/wp\/v2\/product"}],"about":[{"href":"https:\/\/yanilink.com\/fr_fr\/wp-json\/wp\/v2\/types\/product"}],"version-history":[{"count":1,"href":"https:\/\/yanilink.com\/fr_fr\/wp-json\/wp\/v2\/product\/4351\/revisions"}],"predecessor-version":[{"id":4357,"href":"https:\/\/yanilink.com\/fr_fr\/wp-json\/wp\/v2\/product\/4351\/revisions\/4357"}],"wp:featuredmedia":[{"embeddable":true,"href":"https:\/\/yanilink.com\/fr_fr\/wp-json\/wp\/v2\/media\/4366"}],"wp:attachment":[{"href":"https:\/\/yanilink.com\/fr_fr\/wp-json\/wp\/v2\/media?parent=4351"}],"wp:term":[{"taxonomy":"product_brand","embeddable":true,"href":"https:\/\/yanilink.com\/fr_fr\/wp-json\/wp\/v2\/product_brand?post=4351"},{"taxonomy":"product_cat","embeddable":true,"href":"https:\/\/yanilink.com\/fr_fr\/wp-json\/wp\/v2\/product_cat?post=4351"},{"taxonomy":"product_tag","embeddable":true,"href":"https:\/\/yanilink.com\/fr_fr\/wp-json\/wp\/v2\/product_tag?post=4351"}],"curies":[{"name":"wp","href":"https:\/\/api.w.org\/{rel}","templated":true}]}}