{"id":3977,"date":"2025-08-25T00:14:31","date_gmt":"2025-08-24T23:14:31","guid":{"rendered":"https:\/\/yanilink.com\/?post_type=product&#038;p=3977"},"modified":"2025-08-26T10:45:26","modified_gmt":"2025-08-26T09:45:26","slug":"workbook-mockups","status":"publish","type":"product","link":"https:\/\/yanilink.com\/fr_fr\/produit\/workbook-mockups","title":{"rendered":"WORKBOOK MOCKUPS"},"content":{"rendered":"<p>Pr\u00e9sentez vos workbooks de mani\u00e8re professionnelle avec ces mockups \u00e9l\u00e9gants et r\u00e9alistes. Parfaits pour les formateurs, cr\u00e9ateurs de contenu, ou vendeurs de produits digitaux, ces mod\u00e8les mettent en valeur vos supports p\u00e9dagogiques tout en renfor\u00e7ant la cr\u00e9dibilit\u00e9 de votre marque.<\/p>\n<p>Soulignez la qualit\u00e9 de vos documents \u00e9ducatifs avec un visuel impactant !<\/p>\n<p>&nbsp;<\/p>\n\n    <div class=\"xs_social_share_widget xs_share_url after_content \t\tmain_content  wslu-style-1 wslu-share-box-shaped wslu-fill-colored wslu-none wslu-share-horizontal wslu-theme-font-no wslu-main_content\">\n\n\t\t\n        <ul>\n\t\t\t        <\/ul>\n    <\/div> \n","protected":false},"excerpt":{"rendered":"<div style=\"width: 1080px;\" class=\"wp-video\"><video class=\"wp-video-shortcode\" id=\"video-3977-1\" width=\"1080\" height=\"1080\" preload=\"metadata\" controls=\"controls\"><source type=\"video\/mp4\" src=\"https:\/\/yanilink.com\/wp-content\/uploads\/2025\/08\/Copie-de-Copy-of-Entrepedia-Long-Book-Mockups-11-1.mp4?_=1\" \/><a href=\"https:\/\/yanilink.com\/wp-content\/uploads\/2025\/08\/Copie-de-Copy-of-Entrepedia-Long-Book-Mockups-11-1.mp4\">https:\/\/yanilink.com\/wp-content\/uploads\/2025\/08\/Copie-de-Copy-of-Entrepedia-Long-Book-Mockups-11-1.mp4<\/a><\/video><\/div>\n<p>Mockups professionnels pour pr\u00e9senter vos workbooks de fa\u00e7on moderne et impactante.<\/p>\n<p>&nbsp;<\/p>\n","protected":false},"featured_media":4259,"template":"","meta":{"postBodyCss":"","postBodyMargin":[],"postBodyPadding":[],"postBodyBackground":{"backgroundType":"classic","gradient":""},"site-sidebar-layout":"default","site-content-layout":"","ast-site-content-layout":"default","site-content-style":"default","site-sidebar-style":"default","ast-global-header-display":"","ast-banner-title-visibility":"","ast-main-header-display":"","ast-hfb-above-header-display":"","ast-hfb-below-header-display":"","ast-hfb-mobile-header-display":"","site-post-title":"","ast-breadcrumbs-content":"","ast-featured-img":"","footer-sml-layout":"","ast-disable-related-posts":"","theme-transparent-header-meta":"default","adv-header-id-meta":"","stick-header-meta":"","header-above-stick-meta":"","header-main-stick-meta":"","header-below-stick-meta":"","astra-migrate-meta-layouts":"set","ast-page-background-enabled":"default","ast-page-background-meta":{"desktop":{"background-color":"var(--ast-global-color-4)","background-image":"","background-repeat":"repeat","background-position":"center center","background-size":"auto","background-attachment":"scroll","background-type":"","background-media":"","overlay-type":"","overlay-color":"","overlay-opacity":"","overlay-gradient":""},"tablet":{"background-color":"","background-image":"","background-repeat":"repeat","background-position":"center center","background-size":"auto","background-attachment":"scroll","background-type":"","background-media":"","overlay-type":"","overlay-color":"","overlay-opacity":"","overlay-gradient":""},"mobile":{"background-color":"","background-image":"","background-repeat":"repeat","background-position":"center center","background-size":"auto","background-attachment":"scroll","background-type":"","background-media":"","overlay-type":"","overlay-color":"","overlay-opacity":"","overlay-gradient":""}},"ast-content-background-meta":{"desktop":{"background-color":"var(--ast-global-color-5)","background-image":"","background-repeat":"repeat","background-position":"center center","background-size":"auto","background-attachment":"scroll","background-type":"","background-media":"","overlay-type":"","overlay-color":"","overlay-opacity":"","overlay-gradient":""},"tablet":{"background-color":"var(--ast-global-color-5)","background-image":"","background-repeat":"repeat","background-position":"center center","background-size":"auto","background-attachment":"scroll","background-type":"","background-media":"","overlay-type":"","overlay-color":"","overlay-opacity":"","overlay-gradient":""},"mobile":{"background-color":"var(--ast-global-color-5)","background-image":"","background-repeat":"repeat","background-position":"center center","background-size":"auto","background-attachment":"scroll","background-type":"","background-media":"","overlay-type":"","overlay-color":"","overlay-opacity":"","overlay-gradient":""}}},"product_brand":[],"product_cat":[81],"product_tag":[148,115,146,149,145,150,135,78,147,144],"class_list":{"0":"post-3977","1":"product","2":"type-product","3":"status-publish","4":"has-post-thumbnail","6":"product_cat-template","7":"product_tag-contenu-educatif","8":"product_tag-design","9":"product_tag-ebook","10":"product_tag-formation","11":"product_tag-mockup","12":"product_tag-modeles","13":"product_tag-presentation","14":"product_tag-produits-digitaux","15":"product_tag-support-visuel","16":"product_tag-workbook","17":"desktop-align-left","18":"tablet-align-left","19":"mobile-align-left","21":"first","22":"instock","23":"sale","24":"downloadable","25":"virtual","26":"purchasable","27":"product-type-simple"},"aioseo_notices":[],"jetpack_sharing_enabled":true,"_links":{"self":[{"href":"https:\/\/yanilink.com\/fr_fr\/wp-json\/wp\/v2\/product\/3977","targetHints":{"allow":["GET"]}}],"collection":[{"href":"https:\/\/yanilink.com\/fr_fr\/wp-json\/wp\/v2\/product"}],"about":[{"href":"https:\/\/yanilink.com\/fr_fr\/wp-json\/wp\/v2\/types\/product"}],"version-history":[{"count":1,"href":"https:\/\/yanilink.com\/fr_fr\/wp-json\/wp\/v2\/product\/3977\/revisions"}],"predecessor-version":[{"id":3986,"href":"https:\/\/yanilink.com\/fr_fr\/wp-json\/wp\/v2\/product\/3977\/revisions\/3986"}],"wp:featuredmedia":[{"embeddable":true,"href":"https:\/\/yanilink.com\/fr_fr\/wp-json\/wp\/v2\/media\/4259"}],"wp:attachment":[{"href":"https:\/\/yanilink.com\/fr_fr\/wp-json\/wp\/v2\/media?parent=3977"}],"wp:term":[{"taxonomy":"product_brand","embeddable":true,"href":"https:\/\/yanilink.com\/fr_fr\/wp-json\/wp\/v2\/product_brand?post=3977"},{"taxonomy":"product_cat","embeddable":true,"href":"https:\/\/yanilink.com\/fr_fr\/wp-json\/wp\/v2\/product_cat?post=3977"},{"taxonomy":"product_tag","embeddable":true,"href":"https:\/\/yanilink.com\/fr_fr\/wp-json\/wp\/v2\/product_tag?post=3977"}],"curies":[{"name":"wp","href":"https:\/\/api.w.org\/{rel}","templated":true}]}}