{"id":4358,"date":"2025-08-27T12:50:26","date_gmt":"2025-08-27T11:50:26","guid":{"rendered":"https:\/\/yanilink.com\/?post_type=product&#038;p=4358"},"modified":"2025-09-20T00:47:34","modified_gmt":"2025-09-19T23:47:34","slug":"panneau-publicitaire-exterieur-psd","status":"publish","type":"product","link":"https:\/\/yanilink.com\/ar\/product\/panneau-publicitaire-exterieur-psd","title":{"rendered":"MAQUETTE PSD  PANNEAU PUBLICITAIRE EXT\u00c9RIEUR"},"content":{"rendered":"<p><span dir=\"auto\">\u00a0pack de maquettes PSD de panneaux publicitaires pour parcs ext\u00e9rieurs\u00a0<\/span><\/p>\n<p><span dir=\"auto\"> Ces trois mod\u00e8les modifiables pr\u00e9sentent un <\/span><a href=\"https:\/\/mockupfree.co\/billboard-mockups\/\"><span dir=\"auto\">panneau d&rsquo;affichage<\/span><\/a><span dir=\"auto\">\u00a0vertical de taille moyenne avec une base m\u00e9tallique \u00e9l\u00e9gante et un large \u00e9cran \u00e0 cadre m\u00e9tallique. Que vous soyez producteur, artiste ou chef d&rsquo;entreprise, ces supports offrent une toile de fond professionnelle pour vos cr\u00e9ations publicitaires. Le premier \u00e9chantillon offre une vue frontale, tandis que les deux autres offrent des perspectives uniques de profil sous diff\u00e9rents angles. Gr\u00e2ce \u00e0 leur design minimaliste et \u00e0 leur imitation pr\u00e9cise des textures, ces maquettes constituent un excellent arri\u00e8re-plan pour toute publicit\u00e9. Plongez dans Photoshop pour personnaliser votre contenu en toute simplicit\u00e9, du cadre m\u00e9tallique aux \u00e9crans. Id\u00e9als pour les promotions ext\u00e9rieures dans les parcs, ces mod\u00e8les offrent une fa\u00e7on \u00e9l\u00e9gante de mettre en avant votre marque ou votre campagne.<\/span><\/p>\n<p>&nbsp;<\/p>\n<p>NB\u00a0 :<span dir=\"auto\">Pour utiliser ce mod\u00e8le de maquette PSD, vous avez besoin\u00a0<\/span><span class=\"url\"><span dir=\"auto\">d&rsquo;Adobe Photoshop<\/span><\/span><\/p>\n\n    <div class=\"xs_social_share_widget xs_share_url after_content \t\tmain_content  wslu-style-1 wslu-share-box-shaped wslu-fill-colored wslu-none wslu-share-horizontal wslu-theme-font-no wslu-main_content\">\n\n\t\t\n        <ul>\n\t\t\t        <\/ul>\n    <\/div>","protected":false},"excerpt":{"rendered":"<p>Maquette PSD professionnelle de panneau publicitaire ext\u00e9rieur, id\u00e9ale pour pr\u00e9senter vos designs d\u2019affiches, promotions ou campagnes visuelles de mani\u00e8re r\u00e9aliste et impactante.<\/p>","protected":false},"featured_media":4364,"template":"","meta":{"postBodyCss":"","postBodyMargin":[],"postBodyPadding":[],"postBodyBackground":{"backgroundType":"classic","gradient":""},"site-sidebar-layout":"default","site-content-layout":"","ast-site-content-layout":"default","site-content-style":"default","site-sidebar-style":"default","ast-global-header-display":"","ast-banner-title-visibility":"","ast-main-header-display":"","ast-hfb-above-header-display":"","ast-hfb-below-header-display":"","ast-hfb-mobile-header-display":"","site-post-title":"","ast-breadcrumbs-content":"","ast-featured-img":"","footer-sml-layout":"","ast-disable-related-posts":"","theme-transparent-header-meta":"default","adv-header-id-meta":"","stick-header-meta":"","header-above-stick-meta":"","header-main-stick-meta":"","header-below-stick-meta":"","astra-migrate-meta-layouts":"set","ast-page-background-enabled":"default","ast-page-background-meta":{"desktop":{"background-color":"var(--ast-global-color-4)","background-image":"","background-repeat":"repeat","background-position":"center center","background-size":"auto","background-attachment":"scroll","background-type":"","background-media":"","overlay-type":"","overlay-color":"","overlay-opacity":"","overlay-gradient":""},"tablet":{"background-color":"","background-image":"","background-repeat":"repeat","background-position":"center center","background-size":"auto","background-attachment":"scroll","background-type":"","background-media":"","overlay-type":"","overlay-color":"","overlay-opacity":"","overlay-gradient":""},"mobile":{"background-color":"","background-image":"","background-repeat":"repeat","background-position":"center center","background-size":"auto","background-attachment":"scroll","background-type":"","background-media":"","overlay-type":"","overlay-color":"","overlay-opacity":"","overlay-gradient":""}},"ast-content-background-meta":{"desktop":{"background-color":"var(--ast-global-color-5)","background-image":"","background-repeat":"repeat","background-position":"center center","background-size":"auto","background-attachment":"scroll","background-type":"","background-media":"","overlay-type":"","overlay-color":"","overlay-opacity":"","overlay-gradient":""},"tablet":{"background-color":"var(--ast-global-color-5)","background-image":"","background-repeat":"repeat","background-position":"center center","background-size":"auto","background-attachment":"scroll","background-type":"","background-media":"","overlay-type":"","overlay-color":"","overlay-opacity":"","overlay-gradient":""},"mobile":{"background-color":"var(--ast-global-color-5)","background-image":"","background-repeat":"repeat","background-position":"center center","background-size":"auto","background-attachment":"scroll","background-type":"","background-media":"","overlay-type":"","overlay-color":"","overlay-opacity":"","overlay-gradient":""}}},"product_brand":[],"product_cat":[81],"product_tag":[220,219,216,222,218,221,223,217],"class_list":{"0":"post-4358","1":"product","2":"type-product","3":"status-publish","4":"has-post-thumbnail","6":"product_cat-template","7":"product_tag-design-urbain","8":"product_tag-maquette-affichage","9":"product_tag-maquette-panneau","10":"product_tag-mockup-exterieur","11":"product_tag-mockup-panneau","12":"product_tag-panneau-publicitaire","13":"product_tag-presentation-visuelle","14":"product_tag-publicite-exterieure","15":"desktop-align-left","16":"tablet-align-left","17":"mobile-align-left","19":"first","20":"instock","21":"sale","22":"downloadable","23":"virtual","24":"purchasable","25":"product-type-simple"},"aioseo_notices":[],"jetpack_sharing_enabled":true,"_links":{"self":[{"href":"https:\/\/yanilink.com\/ar\/wp-json\/wp\/v2\/product\/4358","targetHints":{"allow":["GET"]}}],"collection":[{"href":"https:\/\/yanilink.com\/ar\/wp-json\/wp\/v2\/product"}],"about":[{"href":"https:\/\/yanilink.com\/ar\/wp-json\/wp\/v2\/types\/product"}],"version-history":[{"count":1,"href":"https:\/\/yanilink.com\/ar\/wp-json\/wp\/v2\/product\/4358\/revisions"}],"predecessor-version":[{"id":4365,"href":"https:\/\/yanilink.com\/ar\/wp-json\/wp\/v2\/product\/4358\/revisions\/4365"}],"wp:featuredmedia":[{"embeddable":true,"href":"https:\/\/yanilink.com\/ar\/wp-json\/wp\/v2\/media\/4364"}],"wp:attachment":[{"href":"https:\/\/yanilink.com\/ar\/wp-json\/wp\/v2\/media?parent=4358"}],"wp:term":[{"taxonomy":"product_brand","embeddable":true,"href":"https:\/\/yanilink.com\/ar\/wp-json\/wp\/v2\/product_brand?post=4358"},{"taxonomy":"product_cat","embeddable":true,"href":"https:\/\/yanilink.com\/ar\/wp-json\/wp\/v2\/product_cat?post=4358"},{"taxonomy":"product_tag","embeddable":true,"href":"https:\/\/yanilink.com\/ar\/wp-json\/wp\/v2\/product_tag?post=4358"}],"curies":[{"name":"wp","href":"https:\/\/api.w.org\/{rel}","templated":true}]}}