{"id":4336,"date":"2025-08-27T11:54:22","date_gmt":"2025-08-27T10:54:22","guid":{"rendered":"https:\/\/yanilink.com\/?post_type=product&#038;p=4336"},"modified":"2025-09-20T12:31:53","modified_gmt":"2025-09-20T11:31:53","slug":"maquette-publicite-exterieure","status":"publish","type":"product","link":"https:\/\/yanilink.com\/ar\/product\/maquette-publicite-exterieure","title":{"rendered":"PANNEAU D&rsquo;AFFICHAGE  \u00c9LECTRONIQUE EXT\u00c9RIEUR PSD"},"content":{"rendered":"<p>&nbsp;<\/p>\n<p><span dir=\"auto\">\u00a0pack PSD de maquettes de panneaux publicitaires \u00e9lectroniques ext\u00e9rieurs<\/span><\/p>\n<p><span dir=\"auto\"> Ses trois mod\u00e8les pr\u00e9sentent un abribus moderne au design minimaliste et soign\u00e9. Les \u00e9l\u00e9gants panneaux publicitaires num\u00e9riques haute r\u00e9solution sur les c\u00f4t\u00e9s de l&rsquo;abri sont parfaits pour l&rsquo;affichage de publicit\u00e9s \u00e9lectroniques.<\/span><\/p>\n<p><span dir=\"auto\">Le premier mod\u00e8le pr\u00e9sente une vue de c\u00f4t\u00e9 de l&rsquo;abribus, mettant en valeur sa construction et deux panneaux d&rsquo;affichage num\u00e9riques. Les autres maquettes se concentrent sur un panneau publicitaire sous diff\u00e9rents angles. Le r\u00e9alisme de la conception, la pr\u00e9cision des reflets et la justesse des textures font de ces exemples une ressource pr\u00e9cieuse pour la conception.<\/span><\/p>\n<p>&nbsp;<\/p>\n<p>NB : <span dir=\"auto\">Pour utiliser ce mod\u00e8le de maquette PSD, vous avez besoin\u00a0<\/span><span class=\"url\"><span dir=\"auto\">d&rsquo;Adobe Photoshop<\/span><\/span><\/p>\n\n    <div class=\"xs_social_share_widget xs_share_url after_content \t\tmain_content  wslu-style-1 wslu-share-box-shaped wslu-fill-colored wslu-none wslu-share-horizontal wslu-theme-font-no wslu-main_content\">\n\n\t\t\n        <ul>\n\t\t\t        <\/ul>\n    <\/div>","protected":false},"excerpt":{"rendered":"<p>Notre kit est essentiel pour les sp\u00e9cialistes du marketing, les annonceurs et les urbanistes. Il permet de visualiser, pr\u00e9senter et tester des campagnes publicitaires ou des conceptions d&rsquo;abris dans un contexte r\u00e9aliste. Gr\u00e2ce \u00e0 ces supports, chaque utilisateur peut personnaliser des pr\u00e9sentations et des supports marketing professionnels mettant en valeur l&rsquo;impact de la publicit\u00e9 num\u00e9rique ext\u00e9rieure. Une simple personnalisation Photoshop suffit.<\/p>","protected":false},"featured_media":4343,"template":"","meta":{"postBodyCss":"","postBodyMargin":[],"postBodyPadding":[],"postBodyBackground":{"backgroundType":"classic","gradient":""},"site-sidebar-layout":"default","site-content-layout":"","ast-site-content-layout":"default","site-content-style":"default","site-sidebar-style":"default","ast-global-header-display":"","ast-banner-title-visibility":"","ast-main-header-display":"","ast-hfb-above-header-display":"","ast-hfb-below-header-display":"","ast-hfb-mobile-header-display":"","site-post-title":"","ast-breadcrumbs-content":"","ast-featured-img":"","footer-sml-layout":"","ast-disable-related-posts":"","theme-transparent-header-meta":"default","adv-header-id-meta":"","stick-header-meta":"","header-above-stick-meta":"","header-main-stick-meta":"","header-below-stick-meta":"","astra-migrate-meta-layouts":"set","ast-page-background-enabled":"default","ast-page-background-meta":{"desktop":{"background-color":"var(--ast-global-color-4)","background-image":"","background-repeat":"repeat","background-position":"center center","background-size":"auto","background-attachment":"scroll","background-type":"","background-media":"","overlay-type":"","overlay-color":"","overlay-opacity":"","overlay-gradient":""},"tablet":{"background-color":"","background-image":"","background-repeat":"repeat","background-position":"center center","background-size":"auto","background-attachment":"scroll","background-type":"","background-media":"","overlay-type":"","overlay-color":"","overlay-opacity":"","overlay-gradient":""},"mobile":{"background-color":"","background-image":"","background-repeat":"repeat","background-position":"center center","background-size":"auto","background-attachment":"scroll","background-type":"","background-media":"","overlay-type":"","overlay-color":"","overlay-opacity":"","overlay-gradient":""}},"ast-content-background-meta":{"desktop":{"background-color":"var(--ast-global-color-5)","background-image":"","background-repeat":"repeat","background-position":"center center","background-size":"auto","background-attachment":"scroll","background-type":"","background-media":"","overlay-type":"","overlay-color":"","overlay-opacity":"","overlay-gradient":""},"tablet":{"background-color":"var(--ast-global-color-5)","background-image":"","background-repeat":"repeat","background-position":"center center","background-size":"auto","background-attachment":"scroll","background-type":"","background-media":"","overlay-type":"","overlay-color":"","overlay-opacity":"","overlay-gradient":""},"mobile":{"background-color":"var(--ast-global-color-5)","background-image":"","background-repeat":"repeat","background-position":"center center","background-size":"auto","background-attachment":"scroll","background-type":"","background-media":"","overlay-type":"","overlay-color":"","overlay-opacity":"","overlay-gradient":""}}},"product_brand":[],"product_cat":[81],"product_tag":[194,184,192,195,182,190,185,183,189,188,187,191,186,193],"class_list":{"0":"post-4336","1":"product","2":"type-product","3":"status-publish","4":"has-post-thumbnail","6":"product_cat-template","7":"product_tag-couverture-boutique-en-ligne","8":"product_tag-image-de-couverture-produit","9":"product_tag-image-maquette-psd","10":"product_tag-image-promotion-visuelle","11":"product_tag-maquette-psd-presentation","12":"product_tag-miniature-affichage-exterieur","13":"product_tag-miniature-publicite-exterieure","14":"product_tag-mockup-visuel-produit","15":"product_tag-presentation-produit-graphique","16":"product_tag-vignette-mockup-urbain","17":"product_tag-vignette-panneau-publicitaire","18":"product_tag-visuel-accrocheur-produit","19":"product_tag-visuel-maquette-photoshop","20":"product_tag-visuel-marketing-digital","21":"desktop-align-left","22":"tablet-align-left","23":"mobile-align-left","25":"first","26":"instock","27":"sale","28":"downloadable","29":"virtual","30":"purchasable","31":"product-type-simple"},"aioseo_notices":[],"jetpack_sharing_enabled":true,"_links":{"self":[{"href":"https:\/\/yanilink.com\/ar\/wp-json\/wp\/v2\/product\/4336","targetHints":{"allow":["GET"]}}],"collection":[{"href":"https:\/\/yanilink.com\/ar\/wp-json\/wp\/v2\/product"}],"about":[{"href":"https:\/\/yanilink.com\/ar\/wp-json\/wp\/v2\/types\/product"}],"version-history":[{"count":1,"href":"https:\/\/yanilink.com\/ar\/wp-json\/wp\/v2\/product\/4336\/revisions"}],"predecessor-version":[{"id":4344,"href":"https:\/\/yanilink.com\/ar\/wp-json\/wp\/v2\/product\/4336\/revisions\/4344"}],"wp:featuredmedia":[{"embeddable":true,"href":"https:\/\/yanilink.com\/ar\/wp-json\/wp\/v2\/media\/4343"}],"wp:attachment":[{"href":"https:\/\/yanilink.com\/ar\/wp-json\/wp\/v2\/media?parent=4336"}],"wp:term":[{"taxonomy":"product_brand","embeddable":true,"href":"https:\/\/yanilink.com\/ar\/wp-json\/wp\/v2\/product_brand?post=4336"},{"taxonomy":"product_cat","embeddable":true,"href":"https:\/\/yanilink.com\/ar\/wp-json\/wp\/v2\/product_cat?post=4336"},{"taxonomy":"product_tag","embeddable":true,"href":"https:\/\/yanilink.com\/ar\/wp-json\/wp\/v2\/product_tag?post=4336"}],"curies":[{"name":"wp","href":"https:\/\/api.w.org\/{rel}","templated":true}]}}