{"id":4058,"date":"2025-08-25T12:09:27","date_gmt":"2025-08-25T11:09:27","guid":{"rendered":"https:\/\/yanilink.com\/?post_type=product&#038;p=4058"},"modified":"2025-08-26T10:37:47","modified_gmt":"2025-08-26T09:37:47","slug":"widescreen-mockups","status":"publish","type":"product","link":"https:\/\/yanilink.com\/ar\/product\/widescreen-mockups","title":{"rendered":"WIDESCREEN MOCKUPS"},"content":{"rendered":"<p>Les Widescreen Mockups sont parfaits pour pr\u00e9senter vos designs, sites web, applications ou pr\u00e9sentations dans un format panoramique \u00e9l\u00e9gant et professionnel. Que vous soyez graphiste, d\u00e9veloppeur ou cr\u00e9ateur de contenu, ces maquettes au format large donneront \u00e0 vos visuels un impact visuel fort et moderne, id\u00e9al pour capter l\u2019attention de votre audience sur les r\u00e9seaux sociaux, portfolios ou pr\u00e9sentations commerciales.<\/p>\n\n    <div class=\"xs_social_share_widget xs_share_url after_content \t\tmain_content  wslu-style-1 wslu-share-box-shaped wslu-fill-colored wslu-none wslu-share-horizontal wslu-theme-font-no wslu-main_content\">\n\n\t\t\n        <ul>\n\t\t\t        <\/ul>\n    <\/div>","protected":false},"excerpt":{"rendered":"<p>Pr\u00e9sentez vos cr\u00e9ations dans un format panoramique moderne avec les Widescreen Mockups, parfaits pour un rendu professionnel et percutant.<\/p>","protected":false},"featured_media":4081,"template":"","meta":{"postBodyCss":"","postBodyMargin":[],"postBodyPadding":[],"postBodyBackground":{"backgroundType":"classic","gradient":""},"site-sidebar-layout":"default","site-content-layout":"","ast-site-content-layout":"default","site-content-style":"default","site-sidebar-style":"default","ast-global-header-display":"","ast-banner-title-visibility":"","ast-main-header-display":"","ast-hfb-above-header-display":"","ast-hfb-below-header-display":"","ast-hfb-mobile-header-display":"","site-post-title":"","ast-breadcrumbs-content":"","ast-featured-img":"","footer-sml-layout":"","ast-disable-related-posts":"","theme-transparent-header-meta":"default","adv-header-id-meta":"","stick-header-meta":"","header-above-stick-meta":"","header-main-stick-meta":"","header-below-stick-meta":"","astra-migrate-meta-layouts":"set","ast-page-background-enabled":"default","ast-page-background-meta":{"desktop":{"background-color":"var(--ast-global-color-4)","background-image":"","background-repeat":"repeat","background-position":"center center","background-size":"auto","background-attachment":"scroll","background-type":"","background-media":"","overlay-type":"","overlay-color":"","overlay-opacity":"","overlay-gradient":""},"tablet":{"background-color":"","background-image":"","background-repeat":"repeat","background-position":"center center","background-size":"auto","background-attachment":"scroll","background-type":"","background-media":"","overlay-type":"","overlay-color":"","overlay-opacity":"","overlay-gradient":""},"mobile":{"background-color":"","background-image":"","background-repeat":"repeat","background-position":"center center","background-size":"auto","background-attachment":"scroll","background-type":"","background-media":"","overlay-type":"","overlay-color":"","overlay-opacity":"","overlay-gradient":""}},"ast-content-background-meta":{"desktop":{"background-color":"var(--ast-global-color-5)","background-image":"","background-repeat":"repeat","background-position":"center center","background-size":"auto","background-attachment":"scroll","background-type":"","background-media":"","overlay-type":"","overlay-color":"","overlay-opacity":"","overlay-gradient":""},"tablet":{"background-color":"var(--ast-global-color-5)","background-image":"","background-repeat":"repeat","background-position":"center center","background-size":"auto","background-attachment":"scroll","background-type":"","background-media":"","overlay-type":"","overlay-color":"","overlay-opacity":"","overlay-gradient":""},"mobile":{"background-color":"var(--ast-global-color-5)","background-image":"","background-repeat":"repeat","background-position":"center center","background-size":"auto","background-attachment":"scroll","background-type":"","background-media":"","overlay-type":"","overlay-color":"","overlay-opacity":"","overlay-gradient":""}}},"product_brand":[],"product_cat":[81],"product_tag":[171,170,139,169,112,174,173,135,172,168],"class_list":{"0":"post-4058","1":"product","2":"type-product","3":"status-publish","4":"has-post-thumbnail","6":"product_cat-template","7":"product_tag-design-web","8":"product_tag-ecran-large","9":"product_tag-maquettes","10":"product_tag-maquettes-digitales","11":"product_tag-mockups","12":"product_tag-moderne","13":"product_tag-panorama","14":"product_tag-presentation","15":"product_tag-responsive","16":"product_tag-widescreen","17":"desktop-align-left","18":"tablet-align-left","19":"mobile-align-left","21":"first","22":"instock","23":"sale","24":"downloadable","25":"virtual","26":"purchasable","27":"product-type-simple"},"aioseo_notices":[],"jetpack_sharing_enabled":true,"_links":{"self":[{"href":"https:\/\/yanilink.com\/ar\/wp-json\/wp\/v2\/product\/4058","targetHints":{"allow":["GET"]}}],"collection":[{"href":"https:\/\/yanilink.com\/ar\/wp-json\/wp\/v2\/product"}],"about":[{"href":"https:\/\/yanilink.com\/ar\/wp-json\/wp\/v2\/types\/product"}],"version-history":[{"count":2,"href":"https:\/\/yanilink.com\/ar\/wp-json\/wp\/v2\/product\/4058\/revisions"}],"predecessor-version":[{"id":4118,"href":"https:\/\/yanilink.com\/ar\/wp-json\/wp\/v2\/product\/4058\/revisions\/4118"}],"wp:featuredmedia":[{"embeddable":true,"href":"https:\/\/yanilink.com\/ar\/wp-json\/wp\/v2\/media\/4081"}],"wp:attachment":[{"href":"https:\/\/yanilink.com\/ar\/wp-json\/wp\/v2\/media?parent=4058"}],"wp:term":[{"taxonomy":"product_brand","embeddable":true,"href":"https:\/\/yanilink.com\/ar\/wp-json\/wp\/v2\/product_brand?post=4058"},{"taxonomy":"product_cat","embeddable":true,"href":"https:\/\/yanilink.com\/ar\/wp-json\/wp\/v2\/product_cat?post=4058"},{"taxonomy":"product_tag","embeddable":true,"href":"https:\/\/yanilink.com\/ar\/wp-json\/wp\/v2\/product_tag?post=4058"}],"curies":[{"name":"wp","href":"https:\/\/api.w.org\/{rel}","templated":true}]}}