{"id":4029,"date":"2025-08-25T11:42:34","date_gmt":"2025-08-25T10:42:34","guid":{"rendered":"https:\/\/yanilink.com\/?post_type=product&#038;p=4029"},"modified":"2025-08-26T10:39:49","modified_gmt":"2025-08-26T09:39:49","slug":"square-mockups","status":"publish","type":"product","link":"https:\/\/yanilink.com\/ar\/product\/square-mockups","title":{"rendered":"SQUARE MOCKUPS"},"content":{"rendered":"<p>Mettez en valeur vos designs avec style gr\u00e2ce \u00e0 Square Mockups, une collection professionnelle de maquettes carr\u00e9es pr\u00eates \u00e0 l\u2019emploi. Que vous soyez cr\u00e9ateur de contenu, designer graphique ou entrepreneur digital, ces mockups carr\u00e9s vous permettent de pr\u00e9senter vos cr\u00e9ations (posts, couvertures, templates, illustrations) de fa\u00e7on r\u00e9aliste et \u00e9l\u00e9gante. Parfait pour Instagram, portfolios, boutiques en ligne ou pr\u00e9sentations clients. Faciles \u00e0 personnaliser via Canva ou Photoshop, ces mockups boostent instantan\u00e9ment l\u2019impact visuel de vos produits ou visuels.<\/p>\n<p>&nbsp;<\/p>\n\n    <div class=\"xs_social_share_widget xs_share_url after_content \t\tmain_content  wslu-style-1 wslu-share-box-shaped wslu-fill-colored wslu-none wslu-share-horizontal wslu-theme-font-no wslu-main_content\">\n\n\t\t\n        <ul>\n\t\t\t        <\/ul>\n    <\/div>","protected":false},"excerpt":{"rendered":"<p>Mockups carr\u00e9s professionnels pour sublimer vos cr\u00e9ations digitales sur les r\u00e9seaux sociaux, boutiques ou portfolios.<\/p>","protected":false},"featured_media":4233,"template":"","meta":{"postBodyCss":"","postBodyMargin":[],"postBodyPadding":[],"postBodyBackground":{"backgroundType":"classic","gradient":""},"site-sidebar-layout":"default","site-content-layout":"","ast-site-content-layout":"default","site-content-style":"default","site-sidebar-style":"default","ast-global-header-display":"","ast-banner-title-visibility":"","ast-main-header-display":"","ast-hfb-above-header-display":"","ast-hfb-below-header-display":"","ast-hfb-mobile-header-display":"","site-post-title":"","ast-breadcrumbs-content":"","ast-featured-img":"","footer-sml-layout":"","ast-disable-related-posts":"","theme-transparent-header-meta":"default","adv-header-id-meta":"","stick-header-meta":"","header-above-stick-meta":"","header-main-stick-meta":"","header-below-stick-meta":"","astra-migrate-meta-layouts":"set","ast-page-background-enabled":"default","ast-page-background-meta":{"desktop":{"background-color":"var(--ast-global-color-4)","background-image":"","background-repeat":"repeat","background-position":"center center","background-size":"auto","background-attachment":"scroll","background-type":"","background-media":"","overlay-type":"","overlay-color":"","overlay-opacity":"","overlay-gradient":""},"tablet":{"background-color":"","background-image":"","background-repeat":"repeat","background-position":"center center","background-size":"auto","background-attachment":"scroll","background-type":"","background-media":"","overlay-type":"","overlay-color":"","overlay-opacity":"","overlay-gradient":""},"mobile":{"background-color":"","background-image":"","background-repeat":"repeat","background-position":"center center","background-size":"auto","background-attachment":"scroll","background-type":"","background-media":"","overlay-type":"","overlay-color":"","overlay-opacity":"","overlay-gradient":""}},"ast-content-background-meta":{"desktop":{"background-color":"var(--ast-global-color-5)","background-image":"","background-repeat":"repeat","background-position":"center center","background-size":"auto","background-attachment":"scroll","background-type":"","background-media":"","overlay-type":"","overlay-color":"","overlay-opacity":"","overlay-gradient":""},"tablet":{"background-color":"var(--ast-global-color-5)","background-image":"","background-repeat":"repeat","background-position":"center center","background-size":"auto","background-attachment":"scroll","background-type":"","background-media":"","overlay-type":"","overlay-color":"","overlay-opacity":"","overlay-gradient":""},"mobile":{"background-color":"var(--ast-global-color-5)","background-image":"","background-repeat":"repeat","background-position":"center center","background-size":"auto","background-attachment":"scroll","background-type":"","background-media":"","overlay-type":"","overlay-color":"","overlay-opacity":"","overlay-gradient":""}}},"product_brand":[],"product_cat":[81],"product_tag":[165,162,161,167,114,163,166,164],"class_list":{"0":"post-4029","1":"product","2":"type-product","3":"status-publish","4":"has-post-thumbnail","6":"product_cat-template","7":"product_tag-branding-visuel","8":"product_tag-design-carre","9":"product_tag-mockup-carre","10":"product_tag-mockup-moderne","11":"product_tag-presentation-produit","12":"product_tag-reseaux-sociaux","13":"product_tag-template-carre","14":"product_tag-vitrine-digitale","15":"desktop-align-left","16":"tablet-align-left","17":"mobile-align-left","19":"first","20":"instock","21":"sale","22":"downloadable","23":"virtual","24":"purchasable","25":"product-type-simple"},"aioseo_notices":[],"jetpack_sharing_enabled":true,"_links":{"self":[{"href":"https:\/\/yanilink.com\/ar\/wp-json\/wp\/v2\/product\/4029","targetHints":{"allow":["GET"]}}],"collection":[{"href":"https:\/\/yanilink.com\/ar\/wp-json\/wp\/v2\/product"}],"about":[{"href":"https:\/\/yanilink.com\/ar\/wp-json\/wp\/v2\/types\/product"}],"version-history":[{"count":2,"href":"https:\/\/yanilink.com\/ar\/wp-json\/wp\/v2\/product\/4029\/revisions"}],"predecessor-version":[{"id":4059,"href":"https:\/\/yanilink.com\/ar\/wp-json\/wp\/v2\/product\/4029\/revisions\/4059"}],"wp:featuredmedia":[{"embeddable":true,"href":"https:\/\/yanilink.com\/ar\/wp-json\/wp\/v2\/media\/4233"}],"wp:attachment":[{"href":"https:\/\/yanilink.com\/ar\/wp-json\/wp\/v2\/media?parent=4029"}],"wp:term":[{"taxonomy":"product_brand","embeddable":true,"href":"https:\/\/yanilink.com\/ar\/wp-json\/wp\/v2\/product_brand?post=4029"},{"taxonomy":"product_cat","embeddable":true,"href":"https:\/\/yanilink.com\/ar\/wp-json\/wp\/v2\/product_cat?post=4029"},{"taxonomy":"product_tag","embeddable":true,"href":"https:\/\/yanilink.com\/ar\/wp-json\/wp\/v2\/product_tag?post=4029"}],"curies":[{"name":"wp","href":"https:\/\/api.w.org\/{rel}","templated":true}]}}