{"id":3968,"date":"2025-08-24T23:52:34","date_gmt":"2025-08-24T22:52:34","guid":{"rendered":"https:\/\/yanilink.com\/?post_type=product&#038;p=3968"},"modified":"2025-08-26T10:48:08","modified_gmt":"2025-08-26T09:48:08","slug":"checklist-mockups","status":"publish","type":"product","link":"https:\/\/yanilink.com\/ar\/product\/checklist-mockups","title":{"rendered":"CHECKLIST MOCKUP"},"content":{"rendered":"<p>Optimisez vos projets gr\u00e2ce \u00e0 ces mockups de checklist pr\u00eats \u00e0 l\u2019emploi. Con\u00e7us pour vous aider \u00e0 pr\u00e9senter clairement vos listes de t\u00e2ches, vos workflows ou vos syst\u00e8mes d\u2019organisation. Id\u00e9al pour les coachs, les cr\u00e9ateurs de contenu, et les entrepreneurs digitaux.<\/p>\n\n    <div class=\"xs_social_share_widget xs_share_url after_content \t\tmain_content  wslu-style-1 wslu-share-box-shaped wslu-fill-colored wslu-none wslu-share-horizontal wslu-theme-font-no wslu-main_content\">\n\n\t\t\n        <ul>\n\t\t\t        <\/ul>\n    <\/div>","protected":false},"excerpt":{"rendered":"<div style=\"width: 1080px;\" class=\"wp-video\"><video class=\"wp-video-shortcode\" id=\"video-3968-1\" width=\"1080\" height=\"1080\" preload=\"metadata\" controls=\"controls\"><source type=\"video\/mp4\" src=\"https:\/\/yanilink.com\/wp-content\/uploads\/2025\/08\/Copie-de-Copy-of-Entrepedia-Long-Book-Mockups-11-1.mp4?_=1\" \/><a href=\"https:\/\/yanilink.com\/wp-content\/uploads\/2025\/08\/Copie-de-Copy-of-Entrepedia-Long-Book-Mockups-11-1.mp4\">https:\/\/yanilink.com\/wp-content\/uploads\/2025\/08\/Copie-de-Copy-of-Entrepedia-Long-Book-Mockups-11-1.mp4<\/a><\/video><\/div>\n<p>Mockups de checklist pratiques pour organiser et pr\u00e9senter vos id\u00e9es de mani\u00e8re professionnelle.<\/p>","protected":false},"featured_media":4263,"template":"","meta":{"postBodyCss":"","postBodyMargin":[],"postBodyPadding":[],"postBodyBackground":{"backgroundType":"classic","gradient":""},"site-sidebar-layout":"default","site-content-layout":"","ast-site-content-layout":"default","site-content-style":"default","site-sidebar-style":"default","ast-global-header-display":"","ast-banner-title-visibility":"","ast-main-header-display":"","ast-hfb-above-header-display":"","ast-hfb-below-header-display":"","ast-hfb-mobile-header-display":"","site-post-title":"","ast-breadcrumbs-content":"","ast-featured-img":"","footer-sml-layout":"","ast-disable-related-posts":"","theme-transparent-header-meta":"default","adv-header-id-meta":"","stick-header-meta":"","header-above-stick-meta":"","header-main-stick-meta":"","header-below-stick-meta":"","astra-migrate-meta-layouts":"set","ast-page-background-enabled":"default","ast-page-background-meta":{"desktop":{"background-color":"var(--ast-global-color-4)","background-image":"","background-repeat":"repeat","background-position":"center center","background-size":"auto","background-attachment":"scroll","background-type":"","background-media":"","overlay-type":"","overlay-color":"","overlay-opacity":"","overlay-gradient":""},"tablet":{"background-color":"","background-image":"","background-repeat":"repeat","background-position":"center center","background-size":"auto","background-attachment":"scroll","background-type":"","background-media":"","overlay-type":"","overlay-color":"","overlay-opacity":"","overlay-gradient":""},"mobile":{"background-color":"","background-image":"","background-repeat":"repeat","background-position":"center center","background-size":"auto","background-attachment":"scroll","background-type":"","background-media":"","overlay-type":"","overlay-color":"","overlay-opacity":"","overlay-gradient":""}},"ast-content-background-meta":{"desktop":{"background-color":"var(--ast-global-color-5)","background-image":"","background-repeat":"repeat","background-position":"center center","background-size":"auto","background-attachment":"scroll","background-type":"","background-media":"","overlay-type":"","overlay-color":"","overlay-opacity":"","overlay-gradient":""},"tablet":{"background-color":"var(--ast-global-color-5)","background-image":"","background-repeat":"repeat","background-position":"center center","background-size":"auto","background-attachment":"scroll","background-type":"","background-media":"","overlay-type":"","overlay-color":"","overlay-opacity":"","overlay-gradient":""},"mobile":{"background-color":"var(--ast-global-color-5)","background-image":"","background-repeat":"repeat","background-position":"center center","background-size":"auto","background-attachment":"scroll","background-type":"","background-media":"","overlay-type":"","overlay-color":"","overlay-opacity":"","overlay-gradient":""}}},"product_brand":[],"product_cat":[81],"product_tag":[142,74,112,134,143,133],"class_list":{"0":"post-3968","1":"product","2":"type-product","3":"status-publish","4":"has-post-thumbnail","6":"product_cat-template","7":"product_tag-checklist","8":"product_tag-digital-product","9":"product_tag-mockups","10":"product_tag-organisation","11":"product_tag-planification","12":"product_tag-productivite","13":"desktop-align-left","14":"tablet-align-left","15":"mobile-align-left","17":"first","18":"instock","19":"sale","20":"downloadable","21":"virtual","22":"purchasable","23":"product-type-simple"},"aioseo_notices":[],"jetpack_sharing_enabled":true,"_links":{"self":[{"href":"https:\/\/yanilink.com\/ar\/wp-json\/wp\/v2\/product\/3968","targetHints":{"allow":["GET"]}}],"collection":[{"href":"https:\/\/yanilink.com\/ar\/wp-json\/wp\/v2\/product"}],"about":[{"href":"https:\/\/yanilink.com\/ar\/wp-json\/wp\/v2\/types\/product"}],"version-history":[{"count":2,"href":"https:\/\/yanilink.com\/ar\/wp-json\/wp\/v2\/product\/3968\/revisions"}],"predecessor-version":[{"id":3978,"href":"https:\/\/yanilink.com\/ar\/wp-json\/wp\/v2\/product\/3968\/revisions\/3978"}],"wp:featuredmedia":[{"embeddable":true,"href":"https:\/\/yanilink.com\/ar\/wp-json\/wp\/v2\/media\/4263"}],"wp:attachment":[{"href":"https:\/\/yanilink.com\/ar\/wp-json\/wp\/v2\/media?parent=3968"}],"wp:term":[{"taxonomy":"product_brand","embeddable":true,"href":"https:\/\/yanilink.com\/ar\/wp-json\/wp\/v2\/product_brand?post=3968"},{"taxonomy":"product_cat","embeddable":true,"href":"https:\/\/yanilink.com\/ar\/wp-json\/wp\/v2\/product_cat?post=3968"},{"taxonomy":"product_tag","embeddable":true,"href":"https:\/\/yanilink.com\/ar\/wp-json\/wp\/v2\/product_tag?post=3968"}],"curies":[{"name":"wp","href":"https:\/\/api.w.org\/{rel}","templated":true}]}}