{"id":645,"date":"2025-08-18T12:28:22","date_gmt":"2025-08-18T11:28:22","guid":{"rendered":"https:\/\/yanilink.com\/about\/"},"modified":"2025-08-23T20:56:08","modified_gmt":"2025-08-23T19:56:08","slug":"about","status":"publish","type":"page","link":"https:\/\/yanilink.com\/ar\/about","title":{"rendered":"\u00c0 propos"},"content":{"rendered":"<div data-elementor-type=\"wp-page\" data-elementor-id=\"645\" class=\"elementor elementor-645\">\n\t\t\t\t\t\t<section class=\"elementor-section elementor-top-section elementor-element elementor-element-06c8a06 elementor-section-boxed elementor-section-height-default elementor-section-height-default\" data-id=\"06c8a06\" data-element_type=\"section\" data-e-type=\"section\" data-settings=\"{&quot;background_background&quot;:&quot;gradient&quot;}\">\n\t\t\t\t\t\t<div class=\"elementor-container elementor-column-gap-no\">\n\t\t\t\t\t<div class=\"elementor-column elementor-col-100 elementor-top-column elementor-element elementor-element-6f1dc29\" data-id=\"6f1dc29\" data-element_type=\"column\" data-e-type=\"column\">\n\t\t\t<div class=\"elementor-widget-wrap elementor-element-populated\">\n\t\t\t\t\t\t<div class=\"elementor-element elementor-element-c300f37 elementor-widget elementor-widget-heading\" data-id=\"c300f37\" data-element_type=\"widget\" data-e-type=\"widget\" data-widget_type=\"heading.default\">\n\t\t\t\t<div class=\"elementor-widget-container\">\n\t\t\t\t\t<h1 class=\"elementor-heading-title elementor-size-default\"><b>Transformez vos id\u00e9es en action gr\u00e2ce \u00e0 nos produits digitaux de qualit\u00e9\n<\/b>\n<\/h1>\t\t\t\t<\/div>\n\t\t\t\t<\/div>\n\t\t\t\t<div class=\"elementor-element elementor-element-b19d7c6 elementor-widget__width-auto elementor-widget-tablet__width-initial elementor-widget elementor-widget-icon-box\" data-id=\"b19d7c6\" data-element_type=\"widget\" data-e-type=\"widget\" data-widget_type=\"icon-box.default\">\n\t\t\t\t<div class=\"elementor-widget-container\">\n\t\t\t\t\t\t\t<div class=\"elementor-icon-box-wrapper\">\n\n\t\t\t\n\t\t\t\t\t\t<div class=\"elementor-icon-box-content\">\n\n\t\t\t\t\t\t\t\t\t<h3 class=\"elementor-icon-box-title\">\n\t\t\t\t\t\t<span  >\n\t\t\t\t\t\t\t2M+\t\t\t\t\t\t<\/span>\n\t\t\t\t\t<\/h3>\n\t\t\t\t\n\t\t\t\t\t\t\t\t\t<p class=\"elementor-icon-box-description\">\n\t\t\t\t\t\tTotal Downloads\t\t\t\t\t<\/p>\n\t\t\t\t\n\t\t\t<\/div>\n\t\t\t\n\t\t<\/div>\n\t\t\t\t\t\t<\/div>\n\t\t\t\t<\/div>\n\t\t\t\t<div class=\"elementor-element elementor-element-1997d8b elementor-widget__width-auto elementor-widget-tablet__width-initial elementor-widget elementor-widget-icon-box\" data-id=\"1997d8b\" data-element_type=\"widget\" data-e-type=\"widget\" data-widget_type=\"icon-box.default\">\n\t\t\t\t<div class=\"elementor-widget-container\">\n\t\t\t\t\t\t\t<div class=\"elementor-icon-box-wrapper\">\n\n\t\t\t\n\t\t\t\t\t\t<div class=\"elementor-icon-box-content\">\n\n\t\t\t\t\t\t\t\t\t<h3 class=\"elementor-icon-box-title\">\n\t\t\t\t\t\t<span  >\n\t\t\t\t\t\t\t150+\t\t\t\t\t\t<\/span>\n\t\t\t\t\t<\/h3>\n\t\t\t\t\n\t\t\t\t\t\t\t\t\t<p class=\"elementor-icon-box-description\">\n\t\t\t\t\t\tDesign Resources\t\t\t\t\t<\/p>\n\t\t\t\t\n\t\t\t<\/div>\n\t\t\t\n\t\t<\/div>\n\t\t\t\t\t\t<\/div>\n\t\t\t\t<\/div>\n\t\t\t\t<div class=\"elementor-element elementor-element-dca3053 elementor-widget__width-auto elementor-widget-tablet__width-initial elementor-widget elementor-widget-icon-box\" data-id=\"dca3053\" data-element_type=\"widget\" data-e-type=\"widget\" data-widget_type=\"icon-box.default\">\n\t\t\t\t<div class=\"elementor-widget-container\">\n\t\t\t\t\t\t\t<div class=\"elementor-icon-box-wrapper\">\n\n\t\t\t\n\t\t\t\t\t\t<div class=\"elementor-icon-box-content\">\n\n\t\t\t\t\t\t\t\t\t<h3 class=\"elementor-icon-box-title\">\n\t\t\t\t\t\t<span  >\n\t\t\t\t\t\t\t4.9\t\t\t\t\t\t<\/span>\n\t\t\t\t\t<\/h3>\n\t\t\t\t\n\t\t\t\t\t\t\t\t\t<p class=\"elementor-icon-box-description\">\n\t\t\t\t\t\tUsers Rating\t\t\t\t\t<\/p>\n\t\t\t\t\n\t\t\t<\/div>\n\t\t\t\n\t\t<\/div>\n\t\t\t\t\t\t<\/div>\n\t\t\t\t<\/div>\n\t\t\t\t\t<\/div>\n\t\t<\/div>\n\t\t\t\t\t<\/div>\n\t\t<\/section>\n\t\t\t\t<section class=\"elementor-section elementor-top-section elementor-element elementor-element-ff96dd3 elementor-reverse-mobile elementor-section-boxed elementor-section-height-default elementor-section-height-default\" data-id=\"ff96dd3\" data-element_type=\"section\" data-e-type=\"section\" data-settings=\"{&quot;background_background&quot;:&quot;gradient&quot;}\">\n\t\t\t\t\t\t<div class=\"elementor-container elementor-column-gap-no\">\n\t\t\t\t\t<div class=\"elementor-column elementor-col-100 elementor-top-column elementor-element elementor-element-036dea5\" data-id=\"036dea5\" data-element_type=\"column\" data-e-type=\"column\">\n\t\t\t<div class=\"elementor-widget-wrap elementor-element-populated\">\n\t\t\t\t\t\t<section class=\"elementor-section elementor-inner-section elementor-element elementor-element-a698d97 elementor-section-boxed elementor-section-height-default elementor-section-height-default\" data-id=\"a698d97\" data-element_type=\"section\" data-e-type=\"section\">\n\t\t\t\t\t\t<div class=\"elementor-container elementor-column-gap-no\">\n\t\t\t\t\t<div class=\"elementor-column elementor-col-50 elementor-inner-column elementor-element elementor-element-7a08c3a\" data-id=\"7a08c3a\" data-element_type=\"column\" data-e-type=\"column\">\n\t\t\t<div class=\"elementor-widget-wrap elementor-element-populated\">\n\t\t\t\t\t\t<div class=\"elementor-element elementor-element-ac5dfa3 elementor-widget elementor-widget-hfe-infocard\" data-id=\"ac5dfa3\" data-element_type=\"widget\" data-e-type=\"widget\" data-widget_type=\"hfe-infocard.default\">\n\t\t\t\t<div class=\"elementor-widget-container\">\n\t\t\t\t\t\n\t\t<div class=\"hfe-infocard\">\n\t\t\t\t\t\t\t\t\t<div class=\"hfe-infocard-title-wrap\">\n\t\t\t\t<h2 class=\"hfe-infocard-title elementor-inline-editing\" data-elementor-setting-key=\"infocard_title\" data-elementor-inline-editing-toolbar=\"basic\" >\u00c0 propos de nous <br><br><\/h2>\t\t\t<\/div>\n\t\t\t\t\t\t<div class=\"hfe-infocard-text-wrap\">\n\t\t\t\t<div class=\"hfe-infocard-text elementor-inline-editing\" data-elementor-setting-key=\"infocard_description\" data-elementor-inline-editing-toolbar=\"advanced\">\n\t\t\t\t\t<p>\n\u00c0 propos de nous<br>Bienvenue dans la biblioth\u00e8que YANILINK<\/p>\n<p>Chez YANILINK, nous sommes votre r\u00e9f\u00e9rence pour des produits num\u00e9riques de haute qualit\u00e9, notamment des mod\u00e8les Canva et des designs de t-shirts captivants. Que vous soyez chef d'entreprise, influenceur sur les r\u00e9seaux sociaux ou cr\u00e9atif passionn\u00e9, notre gamme de produits est con\u00e7ue pour donner une nouvelle dimension \u00e0 vos projets.<\/p>\n<p><br><\/p>\n<p><br><\/p>\n<h4><b>Ce que nous proposons<\/b><\/h4>\n<p><b><br><\/b><\/p>\n<h4><b><br><\/b><h4><b>1. Mod\u00e8les Canva&nbsp;:<\/b><\/h4><\/h4><h4><br><\/h4><h4> Nos mod\u00e8les Canva sont con\u00e7us avec expertise pour simplifier votre processus de cr\u00e9ation. Avec des mises en page pr\u00eates \u00e0 l'emploi, des graphismes \u00e9poustouflants et des \u00e9l\u00e9ments personnalisables, cr\u00e9er des designs professionnels, comme des publications sur les r\u00e9seaux sociaux, des pr\u00e9sentations, et bien plus encore, n'a jamais \u00e9t\u00e9 aussi simple. Dites adieu aux casse-t\u00eates de conception et bonjour \u00e0 des visuels accrocheurs en quelques clics&nbsp;!<\/h4><p><br><\/p>\n<h4><b>2. Designs de t-shirts captivants<\/b>&nbsp;:&nbsp;<\/h4><h4><br><\/h4><h4>Vous recherchez des designs tendance, intemporels ou audacieux pour vos t-shirts&nbsp;? Nous avons ce qu'il vous faut&nbsp;! Nos mod\u00e8les de t-shirts s'adaptent \u00e0 tous les styles et \u00e0 toutes les personnalit\u00e9s, des plus originaux et amusants aux plus \u00e9l\u00e9gants et sophistiqu\u00e9s. Avec notre collection, vous pouvez affirmer votre style ou ajouter une touche unique \u00e0 votre garde-robe.<\/h4><div><br><\/div><div><br><\/div>\n<p><h4><b>Pourquoi choisir la biblioth\u00e8que YANILINK&nbsp;?<\/b><\/h4><div><b><br><\/b><\/div>Qualit\u00e9&nbsp;: Nos produits num\u00e9riques sont de qualit\u00e9 sup\u00e9rieure, garantissant que vos cr\u00e9ations et projets se d\u00e9marquent.<br>Pratique&nbsp;: Acc\u00e8s instantan\u00e9 aux produits. Parcourez, achetez et t\u00e9l\u00e9chargez \u00e0 votre convenance.<\/p><p><br><h4><b>Cr\u00e9ativit\u00e9&nbsp;:&nbsp;<\/b><\/h4><\/p><p>Que vous soyez d\u00e9butant ou professionnel, nous stimulons votre cr\u00e9ativit\u00e9 avec des designs faciles \u00e0 utiliser et personnalisables.<br>Rejoignez la communaut\u00e9 Ivo Market d\u00e8s aujourd'hui et d\u00e9couvrez un monde de possibilit\u00e9s infinies. Que vous cr\u00e9iez du contenu pour les r\u00e9seaux sociaux, votre entreprise ou vos projets personnels, nous sommes l\u00e0 pour vous aider \u00e0 donner vie \u00e0 votre vision cr\u00e9ative.<\/p>\n<p>Naviguez d\u00e8s maintenant et laissez libre cours \u00e0 votre cr\u00e9ativit\u00e9 avec Ivo Market&nbsp;!<\/p>\t\t\t\t<\/div>\n\t\t\t\t\t\t\t<\/div>\n\t\t<\/div>\n\n\t\t\t\t\t\t<\/div>\n\t\t\t\t<\/div>\n\t\t\t\t<div class=\"elementor-element elementor-element-d4b16ca elementor-widget elementor-widget-button\" data-id=\"d4b16ca\" data-element_type=\"widget\" data-e-type=\"widget\" data-widget_type=\"button.default\">\n\t\t\t\t<div class=\"elementor-widget-container\">\n\t\t\t\t\t\t\t\t\t<div class=\"elementor-button-wrapper\">\n\t\t\t\t\t<a class=\"elementor-button elementor-button-link elementor-size-sm\" href=\"#\">\n\t\t\t\t\t\t<span class=\"elementor-button-content-wrapper\">\n\t\t\t\t\t\t\t\t\t<span class=\"elementor-button-text\">VISITER LA BOUTIQUE<\/span>\n\t\t\t\t\t<\/span>\n\t\t\t\t\t<\/a>\n\t\t\t\t<\/div>\n\t\t\t\t\t\t\t\t<\/div>\n\t\t\t\t<\/div>\n\t\t\t\t\t<\/div>\n\t\t<\/div>\n\t\t\t\t<div class=\"elementor-column elementor-col-50 elementor-inner-column elementor-element elementor-element-a173023\" data-id=\"a173023\" data-element_type=\"column\" data-e-type=\"column\">\n\t\t\t<div class=\"elementor-widget-wrap elementor-element-populated\">\n\t\t\t\t\t\t<div class=\"elementor-element elementor-element-8f21328 elementor-widget elementor-widget-image\" data-id=\"8f21328\" data-element_type=\"widget\" data-e-type=\"widget\" data-widget_type=\"image.default\">\n\t\t\t\t<div class=\"elementor-widget-container\">\n\t\t\t\t\t\t\t\t\t\t\t\t\t\t\t<img fetchpriority=\"high\" decoding=\"async\" width=\"504\" height=\"540\" src=\"https:\/\/yanilink.com\/wp-content\/uploads\/2025\/08\/5pzu841NMYJ8Zc7VDXdJuYABPA.avif\" class=\"attachment-full size-full wp-image-3398\" alt=\"\" srcset=\"https:\/\/yanilink.com\/wp-content\/uploads\/2025\/08\/5pzu841NMYJ8Zc7VDXdJuYABPA.avif 504w, https:\/\/yanilink.com\/wp-content\/uploads\/2025\/08\/5pzu841NMYJ8Zc7VDXdJuYABPA-280x300.avif 280w\" sizes=\"(max-width: 504px) 100vw, 504px\" \/>\t\t\t\t\t\t\t\t\t\t\t\t\t\t\t<\/div>\n\t\t\t\t<\/div>\n\t\t\t\t\t<\/div>\n\t\t<\/div>\n\t\t\t\t\t<\/div>\n\t\t<\/section>\n\t\t\t\t\t<\/div>\n\t\t<\/div>\n\t\t\t\t\t<\/div>\n\t\t<\/section>\n\t\t\t\t<\/div>\n\t\t\n    <div class=\"xs_social_share_widget xs_share_url after_content \t\tmain_content  wslu-style-1 wslu-share-box-shaped wslu-fill-colored wslu-none wslu-share-horizontal wslu-theme-font-no wslu-main_content\">\n\n\t\t\n        <ul>\n\t\t\t        <\/ul>\n    <\/div>","protected":false},"excerpt":{"rendered":"<p>Transformez vos id\u00e9es en action gr\u00e2ce \u00e0 nos produits digitaux de qualit\u00e9 2M+ Total Downloads 150+ Design Resources 4.9 Users Rating \u00c0 propos de nous \u00c0 propos de nousBienvenue dans la biblioth\u00e8que YANILINK Chez YANILINK, nous sommes votre r\u00e9f\u00e9rence pour des produits num\u00e9riques de haute qualit\u00e9, notamment des mod\u00e8les Canva et des designs de t-shirts [&hellip;]<\/p>\n","protected":false},"author":1,"featured_media":0,"parent":0,"menu_order":0,"comment_status":"closed","ping_status":"closed","template":"elementor_header_footer","meta":{"postBodyCss":"","postBodyMargin":[],"postBodyPadding":[],"postBodyBackground":{"backgroundType":"classic","gradient":""},"site-sidebar-layout":"no-sidebar","site-content-layout":"page-builder","ast-site-content-layout":"default","site-content-style":"default","site-sidebar-style":"default","ast-global-header-display":"","ast-banner-title-visibility":"","ast-main-header-display":"","ast-hfb-above-header-display":"","ast-hfb-below-header-display":"","ast-hfb-mobile-header-display":"","site-post-title":"disabled","ast-breadcrumbs-content":"","ast-featured-img":"disabled","footer-sml-layout":"","ast-disable-related-posts":"","theme-transparent-header-meta":"enabled","adv-header-id-meta":"","stick-header-meta":"","header-above-stick-meta":"","header-main-stick-meta":"","header-below-stick-meta":"","astra-migrate-meta-layouts":"default","ast-page-background-enabled":"default","ast-page-background-meta":{"desktop":{"background-color":"var(--ast-global-color-4)","background-image":"","background-repeat":"repeat","background-position":"center center","background-size":"auto","background-attachment":"scroll","background-type":"","background-media":"","overlay-type":"","overlay-color":"","overlay-opacity":"","overlay-gradient":""},"tablet":{"background-color":"","background-image":"","background-repeat":"repeat","background-position":"center center","background-size":"auto","background-attachment":"scroll","background-type":"","background-media":"","overlay-type":"","overlay-color":"","overlay-opacity":"","overlay-gradient":""},"mobile":{"background-color":"","background-image":"","background-repeat":"repeat","background-position":"center center","background-size":"auto","background-attachment":"scroll","background-type":"","background-media":"","overlay-type":"","overlay-color":"","overlay-opacity":"","overlay-gradient":""}},"ast-content-background-meta":{"desktop":{"background-color":"var(--ast-global-color-5)","background-image":"","background-repeat":"repeat","background-position":"center center","background-size":"auto","background-attachment":"scroll","background-type":"","background-media":"","overlay-type":"","overlay-color":"","overlay-opacity":"","overlay-gradient":""},"tablet":{"background-color":"var(--ast-global-color-5)","background-image":"","background-repeat":"repeat","background-position":"center center","background-size":"auto","background-attachment":"scroll","background-type":"","background-media":"","overlay-type":"","overlay-color":"","overlay-opacity":"","overlay-gradient":""},"mobile":{"background-color":"var(--ast-global-color-5)","background-image":"","background-repeat":"repeat","background-position":"center center","background-size":"auto","background-attachment":"scroll","background-type":"","background-media":"","overlay-type":"","overlay-color":"","overlay-opacity":"","overlay-gradient":""}},"footnotes":""},"class_list":["post-645","page","type-page","status-publish","hentry"],"aioseo_notices":[],"jetpack_sharing_enabled":true,"_links":{"self":[{"href":"https:\/\/yanilink.com\/ar\/wp-json\/wp\/v2\/pages\/645","targetHints":{"allow":["GET"]}}],"collection":[{"href":"https:\/\/yanilink.com\/ar\/wp-json\/wp\/v2\/pages"}],"about":[{"href":"https:\/\/yanilink.com\/ar\/wp-json\/wp\/v2\/types\/page"}],"author":[{"embeddable":true,"href":"https:\/\/yanilink.com\/ar\/wp-json\/wp\/v2\/users\/1"}],"replies":[{"embeddable":true,"href":"https:\/\/yanilink.com\/ar\/wp-json\/wp\/v2\/comments?post=645"}],"version-history":[{"count":19,"href":"https:\/\/yanilink.com\/ar\/wp-json\/wp\/v2\/pages\/645\/revisions"}],"predecessor-version":[{"id":3801,"href":"https:\/\/yanilink.com\/ar\/wp-json\/wp\/v2\/pages\/645\/revisions\/3801"}],"wp:attachment":[{"href":"https:\/\/yanilink.com\/ar\/wp-json\/wp\/v2\/media?parent=645"}],"curies":[{"name":"wp","href":"https:\/\/api.w.org\/{rel}","templated":true}]}}