{"id":2503,"date":"2025-08-17T22:03:53","date_gmt":"2025-08-17T21:03:53","guid":{"rendered":"https:\/\/yanilink.com\/?page_id=2503"},"modified":"2025-08-18T01:12:16","modified_gmt":"2025-08-18T00:12:16","slug":"conditions-general-de-ventes","status":"publish","type":"page","link":"https:\/\/yanilink.com\/ar\/conditions-general-de-ventes","title":{"rendered":"Conditions G\u00e9n\u00e9ral de Ventes"},"content":{"rendered":"<h2>Conditions G\u00e9n\u00e9rales de Vente<br \/>\n<br \/><\/h2>\n<p>1. Pr\u00e9sentation de la soci\u00e9t\u00e9&nbsp;&nbsp;<\/p>\n<p>Nom de l\u2019entreprise : [Yanilink]&nbsp;&nbsp;<\/p>\n<p>Adresse : [Alger , bp 16000 Algerie ]&nbsp;&nbsp;<\/p>\n<p>Contact : [yanilinkpro@gmail.com]<\/p>\n<p>2. Produits vendus&nbsp;<\/p>\n<p>Nous proposons \u00e0 la vente des produits digitaux, notamment des ebooks, templates, et autres fichiers t\u00e9l\u00e9chargeables.<\/p>\n<p>3. Commande et paiement&nbsp;&nbsp;<\/p>\n<p>La commande est valid\u00e9e d\u00e8s r\u00e9ception du paiement via les moyens s\u00e9curis\u00e9s propos\u00e9s ( BARIDI MOB &#8211; CIB PATPAL -VIA ). Le paiement est obligatoire avant livraison.<\/p>\n<p>4. Livraison&nbsp;&nbsp;<\/p>\n<p>Les produits digitaux sont disponibles imm\u00e9diatement apr\u00e8s paiement, via un lien de t\u00e9l\u00e9chargement envoy\u00e9 par email ou accessible dans votre compte.<\/p>\n<p>5. Droit de r\u00e9tractation&nbsp;&nbsp;<\/p>\n<p>Conform\u00e9ment \u00e0 la loi, le droit de r\u00e9tractation ne s\u2019applique pas aux produits digitaux t\u00e9l\u00e9charg\u00e9s, d\u00e8s le d\u00e9but du t\u00e9l\u00e9chargement ou de l\u2019acc\u00e8s au produit.<\/p>\n<p>6. Garantie&nbsp;&nbsp;<\/p>\n<p>Nous garantissons la qualit\u00e9 des fichiers fournis. En cas de probl\u00e8me technique, contactez-nous pour assistance.<\/p>\n<p>7. Protection des donn\u00e9es personnelles&nbsp;<\/p>\n<p>Vos donn\u00e9es sont utilis\u00e9es uniquement pour le traitement des commandes et ne seront jamais c\u00e9d\u00e9es \u00e0 des tiers.<\/p>\n<p>8. Contact&nbsp; &nbsp;yanilinkpro@gmail.com<\/p>\n\n    <div class=\"xs_social_share_widget xs_share_url after_content \t\tmain_content  wslu-style-1 wslu-share-box-shaped wslu-fill-colored wslu-none wslu-share-horizontal wslu-theme-font-no wslu-main_content\">\n\n\t\t\n        <ul>\n\t\t\t        <\/ul>\n    <\/div> \n","protected":false},"excerpt":{"rendered":"<p>Conditions G\u00e9n\u00e9rales de Vente 1. Pr\u00e9sentation de la soci\u00e9t\u00e9&nbsp;&nbsp; Nom de l\u2019entreprise : [Yanilink]&nbsp;&nbsp; Adresse : [Alger , bp 16000 Algerie ]&nbsp;&nbsp; Contact : [yanilinkpro@gmail.com] 2. Produits vendus&nbsp; Nous proposons \u00e0 la vente des produits digitaux, notamment des ebooks, templates, et autres fichiers t\u00e9l\u00e9chargeables. 3. Commande et paiement&nbsp;&nbsp; La commande est valid\u00e9e d\u00e8s r\u00e9ception du [&hellip;]<\/p>\n","protected":false},"author":1,"featured_media":0,"parent":0,"menu_order":0,"comment_status":"closed","ping_status":"closed","template":"","meta":{"postBodyCss":"","postBodyMargin":[],"postBodyPadding":[],"postBodyBackground":{"backgroundType":"classic","gradient":""},"site-sidebar-layout":"no-sidebar","site-content-layout":"page-builder","ast-site-content-layout":"full-width-container","site-content-style":"unboxed","site-sidebar-style":"unboxed","ast-global-header-display":"","ast-banner-title-visibility":"","ast-main-header-display":"","ast-hfb-above-header-display":"","ast-hfb-below-header-display":"","ast-hfb-mobile-header-display":"","site-post-title":"","ast-breadcrumbs-content":"","ast-featured-img":"disabled","footer-sml-layout":"","ast-disable-related-posts":"","theme-transparent-header-meta":"","adv-header-id-meta":"","stick-header-meta":"","header-above-stick-meta":"","header-main-stick-meta":"","header-below-stick-meta":"","astra-migrate-meta-layouts":"set","ast-page-background-enabled":"default","ast-page-background-meta":{"desktop":{"background-color":"var(--ast-global-color-4)","background-image":"","background-repeat":"repeat","background-position":"center center","background-size":"auto","background-attachment":"scroll","background-type":"","background-media":"","overlay-type":"","overlay-color":"","overlay-opacity":"","overlay-gradient":""},"tablet":{"background-color":"","background-image":"","background-repeat":"repeat","background-position":"center center","background-size":"auto","background-attachment":"scroll","background-type":"","background-media":"","overlay-type":"","overlay-color":"","overlay-opacity":"","overlay-gradient":""},"mobile":{"background-color":"","background-image":"","background-repeat":"repeat","background-position":"center center","background-size":"auto","background-attachment":"scroll","background-type":"","background-media":"","overlay-type":"","overlay-color":"","overlay-opacity":"","overlay-gradient":""}},"ast-content-background-meta":{"desktop":{"background-color":"var(--ast-global-color-5)","background-image":"","background-repeat":"repeat","background-position":"center center","background-size":"auto","background-attachment":"scroll","background-type":"","background-media":"","overlay-type":"","overlay-color":"","overlay-opacity":"","overlay-gradient":""},"tablet":{"background-color":"var(--ast-global-color-5)","background-image":"","background-repeat":"repeat","background-position":"center center","background-size":"auto","background-attachment":"scroll","background-type":"","background-media":"","overlay-type":"","overlay-color":"","overlay-opacity":"","overlay-gradient":""},"mobile":{"background-color":"var(--ast-global-color-5)","background-image":"","background-repeat":"repeat","background-position":"center center","background-size":"auto","background-attachment":"scroll","background-type":"","background-media":"","overlay-type":"","overlay-color":"","overlay-opacity":"","overlay-gradient":""}},"footnotes":""},"class_list":["post-2503","page","type-page","status-publish","hentry"],"aioseo_notices":[],"jetpack_sharing_enabled":true,"_links":{"self":[{"href":"https:\/\/yanilink.com\/ar\/wp-json\/wp\/v2\/pages\/2503","targetHints":{"allow":["GET"]}}],"collection":[{"href":"https:\/\/yanilink.com\/ar\/wp-json\/wp\/v2\/pages"}],"about":[{"href":"https:\/\/yanilink.com\/ar\/wp-json\/wp\/v2\/types\/page"}],"author":[{"embeddable":true,"href":"https:\/\/yanilink.com\/ar\/wp-json\/wp\/v2\/users\/1"}],"replies":[{"embeddable":true,"href":"https:\/\/yanilink.com\/ar\/wp-json\/wp\/v2\/comments?post=2503"}],"version-history":[{"count":7,"href":"https:\/\/yanilink.com\/ar\/wp-json\/wp\/v2\/pages\/2503\/revisions"}],"predecessor-version":[{"id":2519,"href":"https:\/\/yanilink.com\/ar\/wp-json\/wp\/v2\/pages\/2503\/revisions\/2519"}],"wp:attachment":[{"href":"https:\/\/yanilink.com\/ar\/wp-json\/wp\/v2\/media?parent=2503"}],"curies":[{"name":"wp","href":"https:\/\/api.w.org\/{rel}","templated":true}]}}